{"id":13,"date":"2018-04-24T08:36:11","date_gmt":"2018-04-24T08:36:11","guid":{"rendered":"https:\/\/itaca.olorga.mx\/wp\/?page_id=13"},"modified":"2025-11-21T20:28:10","modified_gmt":"2025-11-21T20:28:10","slug":"about","status":"publish","type":"page","link":"https:\/\/www.solucionesitaca.com\/itaca\/?page_id=13","title":{"rendered":"Nosotros"},"content":{"rendered":"<p>[vc_row css=&#8221;.vc_custom_1763682531857{margin-top: -60px !important;background-color: #ffffff !important;}&#8221;][vc_column offset=&#8221;vc_hidden-sm vc_hidden-xs&#8221;][vc_widget_sidebar sidebar_id=&#8221;sidebar-5b6cfa681b024&#8243;][\/vc_column][\/vc_row][vc_section el_id=&#8221;overview&#8221; css=&#8221;.vc_custom_1575628385570{padding-top: 60px !important;}&#8221;][vc_row gap=&#8221;35&#8243;][vc_column][vc_single_image image=&#8221;2442&#8243; img_size=&#8221;medium&#8221; alignment=&#8221;center&#8221; css=&#8221;.vc_custom_1763756694637{padding-bottom: 20px !important;}&#8221;][\/vc_column][\/vc_row][vc_row gap=&#8221;35&#8243;][vc_column width=&#8221;1\/4&#8243;][\/vc_column][vc_column width=&#8221;1\/2&#8243;][vc_custom_heading text=&#8221;Socio estrat\u00e9gico en automatizaci\u00f3n, instrumentaci\u00f3n y control de procesos.&#8221; font_container=&#8221;tag:h2|text_align:center&#8221; use_theme_fonts=&#8221;yes&#8221;][vc_empty_space height=&#8221;20px&#8221;][vc_column_text]<\/p>\n<p style=\"text-align: center;\">Con m\u00e1s de\u00a0<strong>seis a\u00f1os<\/strong>\u00a0de experiencia en la industria, nos hemos especializado en ofrecer\u00a0<strong>soluciones integrales<\/strong>\u00a0a nuestros clientes.<\/p>\n<p style=\"text-align: center;\">En\u00a0<strong>ITACA<\/strong> entendemos la\u00a0<strong>necesidad<\/strong>, la transformamos en\u00a0<strong>nuestro objetivo<\/strong>\u00a0y creamos\u00a0<strong>soluciones\u00a0<\/strong>especificas y efectivas, generando as\u00ed<strong> lazos de confianza<\/strong>\u00a0<strong>permanente<\/strong>.<\/p>\n<p style=\"text-align: center;\">Somos\u00a0<strong>distribuidores autorizados<\/strong> de las marcas m\u00e1s importantes a nivel mundial, tales como: Sick, Techman Robot, Lumberg, Oriental Motor, Anderson Negele y Numatics.<\/p>\n<p>[\/vc_column_text][vc_empty_space height=&#8221;60px&#8221;][vc_row_inner][vc_column_inner width=&#8221;1\/3&#8243; offset=&#8221;vc_col-lg-4 vc_col-xs-6&#8243;]<div class=\"counter aligncenter \"> <div class=\"counter-detail\">\n\t\t<h3 class=\"counter-content\">\n\t\t\t<span class=\"counter-prefix\"><\/span><span class=\"counter-value\" data-from=\"0\" data-to=\"350\" data-speed=\"10000\">0<\/span><span class=\"counter-suffix\">+<\/span>\n\t\t<\/h3>\n\t<div class=\"counter-title\">Clientes Satisfechos<\/div><\/div><\/div>[vc_empty_space height=&#8221;60px&#8221;][\/vc_column_inner][vc_column_inner width=&#8221;1\/3&#8243; offset=&#8221;vc_col-lg-4 vc_col-xs-6&#8243;]<div class=\"counter aligncenter \"> <div class=\"counter-detail\">\n\t\t<h3 class=\"counter-content\">\n\t\t\t<span class=\"counter-prefix\"><\/span><span class=\"counter-value\" data-from=\"0\" data-to=\"100000\" data-speed=\"10000\">0<\/span><span class=\"counter-suffix\">+<\/span>\n\t\t<\/h3>\n\t<div class=\"counter-title\">Productos a tu Alcance......<\/div><\/div><\/div>[vc_empty_space height=&#8221;60px&#8221;][\/vc_column_inner][vc_column_inner width=&#8221;1\/3&#8243; offset=&#8221;vc_col-lg-4 vc_col-xs-6&#8243;]<div class=\"counter aligncenter \"> <div class=\"counter-detail\">\n\t\t<h3 class=\"counter-content\">\n\t\t\t<span class=\"counter-prefix\"><\/span><span class=\"counter-value\" data-from=\"0\" data-to=\"15\" data-speed=\"10000\">0<\/span><span class=\"counter-suffix\">+<\/span>\n\t\t<\/h3>\n\t<div class=\"counter-title\">A\u00f1os de Experiencia<\/div><\/div><\/div>[vc_empty_space height=&#8221;60px&#8221;][\/vc_column_inner][\/vc_row_inner][\/vc_column][vc_column width=&#8221;1\/4&#8243;][\/vc_column][\/vc_row][\/vc_section][vc_section parallax=&#8221;content-moving&#8221; css=&#8221;.vc_custom_1575628421410{background: #0a2044 url(https:\/\/itaca.olorga.mx\/wp\/wp-content\/uploads\/2018\/05\/rawpixel-com-567026-unsplash1.jpg?id=143) !important;background-position: center !important;background-repeat: no-repeat !important;background-size: cover !important;}&#8221; el_id=&#8221;values&#8221;][vc_row css=&#8221;.vc_custom_1575628427362{padding-top: 120px !important;padding-bottom: 120px !important;background-color: rgba(35,24,52,0.75) !important;*background-color: rgb(35,24,52) !important;}&#8221;][vc_column width=&#8221;1\/6&#8243;][\/vc_column][vc_column width=&#8221;2\/3&#8243;][vc_custom_heading text=&#8221;NUESTROS VALORES&#8221; font_container=&#8221;tag:div|font_size:3rem|text_align:center|color:%23ffffff&#8221; use_theme_fonts=&#8221;yes&#8221; css_animation=&#8221;none&#8221; el_class=&#8221;delay-1 custom-hd&#8221;][vc_empty_space height=&#8221;10px&#8221;][vc_column_text el_class=&#8221;aligncenter white-color&#8221;]<h1 class=\"cd-headline push\"><span>  <\/span> <span class=\"cd-words-wrapper\"><b class=\"is-visible\">PROFESIONALISMO<\/b>\n<b class=\"\">CONFIANZA<\/b>\n<b class=\"\">COMPROMISO<\/b>\n<\/span><\/h1>[\/vc_column_text][vc_empty_space height=&#8221;10px&#8221;][vc_custom_heading text=&#8221;GENERANDO LAZOS PERMANENTES&#8221; font_container=&#8221;tag:div|font_size:1.35rem|text_align:center|color:%23ffffff&#8221; use_theme_fonts=&#8221;yes&#8221; css_animation=&#8221;none&#8221; css=&#8221;.vc_custom_1581466868753{margin-top: -5px !important;}&#8221; el_class=&#8221;delay-1&#8243;][vc_empty_space height=&#8221;50px&#8221;][\/vc_column][vc_column width=&#8221;1\/6&#8243;][\/vc_column][\/vc_row][\/vc_section][vc_row][vc_column]<ul class=\"iconlist iconlist iconlist-icon-medium gap-10\"><li><div class=\"shadow  vc_custom_1762805718291\"><div class=\"iconlist-item-icon\"><i class=\"icon-flag\"><\/i><\/div><div class=\"iconlist-item-content\"><h5><span style=\"color: #ffffff\">VISI\u00d3N<\/span><\/h5><p><span style=\"color: #ffffff\"><strong>Ser la opci\u00f3n<\/strong> preferida de los clientes como aliado estrat\u00e9gico en la prestaci\u00f3n de servicios para la automatizaci\u00f3n industrial, en el mercado nacional e internacional.<\/span><\/div><\/div><\/li><li><div class=\"shadow  vc_custom_1762817985473\"><div class=\"iconlist-item-icon\"><i class=\"icon-genius\"><\/i><\/div><div class=\"iconlist-item-content\"><h5><span style=\"color: #ffffff\">MISI\u00d3N<\/span><\/h5><p><span style=\"color: #ffffff\"><strong>Generamos valor<\/strong> para nuestros clientes por ser un socio estrat\u00e9gico, que provee soluciones de automatizaci\u00f3n industrial de vanguardia y clase mundial, creando sustentabilidad, estabilidad e identidad para nuestros socios, inversionistas y empleados<\/span><\/div><\/div><\/li><li><div class=\"shadow  vc_custom_1762818057707\"><div class=\"iconlist-item-icon\"><i class=\"icon-layers\"><\/i><\/div><div class=\"iconlist-item-content\"><h5><span style=\"color: #ffffff\">VALORES<\/span><\/h5><p><span style=\"color: #ffffff\"><br \/><strong>Compromiso:<\/strong><br \/>Cumplimos promesas y generamos valor<br \/><strong>Confianza:<\/strong><br \/>Nuestro trabajo inspira seguridad y certeza<br \/><strong>Profesionalismo:<\/strong><br \/>Tenemos la capacidad para lograr la satisfacci\u00f3n total de nuestros clientes<br \/><strong>Liderazgo:<\/strong><br \/>Nos apasiona ser la mejor opci\u00f3n en soluciones creativas e innovadoras<\/span><\/div><\/div><\/li><\/ul>[\/vc_column][\/vc_row][vc_section disable_element=&#8221;yes&#8221; el_id=&#8221;team&#8221; css=&#8221;.vc_custom_1582242722049{padding-top: 80px !important;padding-bottom: 80px !important;}&#8221; el_class=&#8221;gradient2&#8243;][vc_row][vc_column][\/vc_column][\/vc_row][\/vc_section][vc_row css=&#8221;.vc_custom_1575628451706{padding-top: 80px !important;padding-bottom: 80px !important;background-color: #ffffff !important;}&#8221; el_id=&#8221;why&#8221;][vc_column][vc_row_inner][vc_column_inner width=&#8221;1\/4&#8243;][\/vc_column_inner][vc_column_inner width=&#8221;1\/2&#8243;][vc_empty_space height=&#8221;6px&#8221;][vc_empty_space height=&#8221;6px&#8221;][vc_empty_space height=&#8221;6px&#8221;][vc_custom_heading text=&#8221;SOMOS DIFERENTES&#8221; font_container=&#8221;tag:h2|text_align:center&#8221; use_theme_fonts=&#8221;yes&#8221;][vc_empty_space height=&#8221;40px&#8221;][vc_separator color=&#8221;custom&#8221; border_width=&#8221;3&#8243; el_width=&#8221;10&#8243; accent_color=&#8221;#191937&#8243;][vc_empty_space height=&#8221;60px&#8221;][\/vc_column_inner][vc_column_inner width=&#8221;1\/4&#8243;][\/vc_column_inner][\/vc_row_inner]<ul class=\"iconlist iconlist iconlist-icon-small columns-3 gap-60\"><li><div ><div class=\"iconlist-item-icon\"><img decoding=\"async\" src=\"https:\/\/www.solucionesitaca.com\/itaca\/wp-content\/uploads\/2020\/02\/compras-estrategicas.png\" alt=\"compras-estrategicas\" \/><\/div><div class=\"iconlist-item-content\"><h5><strong>PRECIOS COMPETITIVOS<\/strong><\/h5><p>Al ser distribuidores autorizados de marcas competitivas en la industria, ofrecemos a nuestros clientes excelentes ofertas para que cumplan con su esquema de gastos.<\/div><\/div><\/li><li><div ><div class=\"iconlist-item-icon\"><img decoding=\"async\" src=\"https:\/\/www.solucionesitaca.com\/itaca\/wp-content\/uploads\/2020\/02\/stock-local.png\" alt=\"stock-local\" \/><\/div><div class=\"iconlist-item-content\"><h5><strong>STOCK LOCAL<\/strong><\/h5><p>Al contar con un stock local, impactamos positivamente en tiempos de entrega y costos, lo que refleja la mejor\u00eda de la productividad de nuestros clientes.<\/div><\/div><\/li><li><div ><div class=\"iconlist-item-icon\"><img decoding=\"async\" src=\"https:\/\/www.solucionesitaca.com\/itaca\/wp-content\/uploads\/2020\/02\/capacitacion.png\" alt=\"capacitacion\" \/><\/div><div class=\"iconlist-item-content\"><h5><strong>CAPACITACI\u00d3N Y SOPORTE<\/strong><\/h5><p>Vamos de la mano con nuestros clientes en cada etapa que se deriva de la compra, al darle soporte t\u00e9cnico y capacitaci\u00f3n especializada a las \u00e1reas relacionadas con sus procesos.<\/div><\/div><\/li><li><div ><div class=\"iconlist-item-icon\"><img decoding=\"async\" src=\"https:\/\/www.solucionesitaca.com\/itaca\/wp-content\/uploads\/2020\/02\/mto-predictivo.png\" alt=\"mto-predictivo\" \/><\/div><div class=\"iconlist-item-content\"><h5><strong>MANTENIMIENTO PREDICTIVO<\/strong><\/h5><p>Somos socios estrat\u00e9gicos de nuestros cliente, conocemos sus procesos y necesidades, por lo tanto, predecimos contingencias.<\/div><\/div><\/li><li><div ><div class=\"iconlist-item-icon\"><img decoding=\"async\" src=\"https:\/\/www.solucionesitaca.com\/itaca\/wp-content\/uploads\/2020\/02\/red-ctos.png\" alt=\"red-ctos\" \/><\/div><div class=\"iconlist-item-content\"><h5><strong>REDUCCI\u00d3N DE COSTOS<\/strong><\/h5><p>Al contar con stock local y al formar un lazo con nuestros clientes impactamos positivamente en la reducci\u00f3n de sus costos, integr\u00e1ndonos as\u00ed a la labor de cumplir sus metas de gastos.<\/div><\/div><\/li><li><div ><div class=\"iconlist-item-icon\"><img decoding=\"async\" src=\"https:\/\/www.solucionesitaca.com\/itaca\/wp-content\/uploads\/2020\/02\/estandarizacion.png\" alt=\"estandarizacion\" \/><\/div><div class=\"iconlist-item-content\"><h5><strong>ESTANDARIZACI\u00d3N DE PROVEEDORES Y MRO<\/strong><\/h5><p>Implementando un an\u00e1lisis especializado de capacitaci\u00f3n, propuesta de precios anualizada y servicio local, te ayudamos a reducir inventario en almac\u00e9n y adquirirlos con un solo proveedor.<\/div><\/div><\/li><\/ul>[\/vc_column][\/vc_row][vc_section][vc_row][vc_column][vc_single_image image=&#8221;2665&#8243; img_size=&#8221;large&#8221; alignment=&#8221;center&#8221;][\/vc_column][\/vc_row][\/vc_section]<\/p>\n","protected":false},"excerpt":{"rendered":"<p>[vc_row css=&#8221;.vc_custom_1763682531857{margin-top: -60px !important;background-color: #ffffff !important;}&#8221;][vc_column offset=&#8221;vc_hidden-sm vc_hidden-xs&#8221;][vc_widget_sidebar sidebar_id=&#8221;sidebar-5b6cfa681b024&#8243;][\/vc_column][\/vc_row][vc_section el_id=&#8221;overview&#8221; css=&#8221;.vc_custom_1575628385570{padding-top: 60px !important;}&#8221;][vc_row gap=&#8221;35&#8243;][vc_column][vc_single_image image=&#8221;2442&#8243; img_size=&#8221;medium&#8221; alignment=&#8221;center&#8221; css=&#8221;.vc_custom_1763756694637{padding-bottom: 20px !important;}&#8221;][\/vc_column][\/vc_row][vc_row gap=&#8221;35&#8243;][vc_column width=&#8221;1\/4&#8243;][\/vc_column][vc_column width=&#8221;1\/2&#8243;][vc_custom_heading text=&#8221;Socio estrat\u00e9gico en automatizaci\u00f3n, instrumentaci\u00f3n y control de procesos.&#8221; font_container=&#8221;tag:h2|text_align:center&#8221; use_theme_fonts=&#8221;yes&#8221;][vc_empty_space height=&#8221;20px&#8221;][vc_column_text] Con m\u00e1s de\u00a0seis a\u00f1os\u00a0de experiencia en la industria, nos hemos especializado en ofrecer\u00a0soluciones integrales\u00a0a nuestros clientes. En\u00a0ITACA entendemos la\u00a0necesidad, la [&hellip;]<\/p>\n","protected":false},"author":1,"featured_media":2463,"parent":0,"menu_order":0,"comment_status":"closed","ping_status":"closed","template":"tmpl\/template-fullwidth.php","meta":{"footnotes":""},"class_list":["post-13","page","type-page","status-publish","has-post-thumbnail","hentry"],"_links":{"self":[{"href":"https:\/\/www.solucionesitaca.com\/itaca\/index.php?rest_route=\/wp\/v2\/pages\/13","targetHints":{"allow":["GET"]}}],"collection":[{"href":"https:\/\/www.solucionesitaca.com\/itaca\/index.php?rest_route=\/wp\/v2\/pages"}],"about":[{"href":"https:\/\/www.solucionesitaca.com\/itaca\/index.php?rest_route=\/wp\/v2\/types\/page"}],"author":[{"embeddable":true,"href":"https:\/\/www.solucionesitaca.com\/itaca\/index.php?rest_route=\/wp\/v2\/users\/1"}],"replies":[{"embeddable":true,"href":"https:\/\/www.solucionesitaca.com\/itaca\/index.php?rest_route=%2Fwp%2Fv2%2Fcomments&post=13"}],"version-history":[{"count":44,"href":"https:\/\/www.solucionesitaca.com\/itaca\/index.php?rest_route=\/wp\/v2\/pages\/13\/revisions"}],"predecessor-version":[{"id":4207,"href":"https:\/\/www.solucionesitaca.com\/itaca\/index.php?rest_route=\/wp\/v2\/pages\/13\/revisions\/4207"}],"wp:featuredmedia":[{"embeddable":true,"href":"https:\/\/www.solucionesitaca.com\/itaca\/index.php?rest_route=\/wp\/v2\/media\/2463"}],"wp:attachment":[{"href":"https:\/\/www.solucionesitaca.com\/itaca\/index.php?rest_route=%2Fwp%2Fv2%2Fmedia&parent=13"}],"curies":[{"name":"wp","href":"https:\/\/api.w.org\/{rel}","templated":true}]}}