{"id":2,"date":"2018-04-24T03:26:51","date_gmt":"2018-04-24T03:26:51","guid":{"rendered":"https:\/\/itaca.olorga.mx\/wp\/?page_id=2"},"modified":"2025-11-12T03:41:36","modified_gmt":"2025-11-12T03:41:36","slug":"home","status":"publish","type":"page","link":"https:\/\/www.solucionesitaca.com\/itaca\/","title":{"rendered":"Home"},"content":{"rendered":"<p>[vc_section css=&#8221;.vc_custom_1761862821627{background-color: #191937 !important;}&#8221;][vc_row video_bg=&#8221;yes&#8221; video_bg_url=&#8221;https:\/\/www.youtube.com\/watch?v=_gU9419zYTE&#8221; css=&#8221;.vc_custom_1761862846507{padding-top: 5% !important;padding-right: 8% !important;padding-bottom: 8% !important;padding-left: 8% !important;background: #191937 url(https:\/\/itaca.olorga.mx\/wp\/wp-content\/uploads\/2020\/01\/Imagen3-1.jpg?id=2465) !important;background-position: center !important;background-repeat: no-repeat !important;background-size: cover !important;}&#8221; el_class=&#8221;mask&#8221;][vc_column width=&#8221;1\/6&#8243;][\/vc_column][vc_column width=&#8221;2\/3&#8243;][vc_custom_heading text=&#8221;Soluciones en procesos de&#8221; font_container=&#8221;tag:h2|font_size:2rem|text_align:center|color:%23ffffff|line_height:1em&#8221; use_theme_fonts=&#8221;yes&#8221;][vc_column_text css_animation=&#8221;none&#8221; css=&#8221;.vc_custom_1762918893388{margin-bottom: 15px !important;}&#8221; el_class=&#8221;white-color aligncenter&#8221;]<\/p>\n<h6><b><span style=\"font-family: 'Georgia',serif; font-size: small;\"><h1 class=\"cd-headline rotate-1\"><span>  <\/span> <span class=\"cd-words-wrapper\"><b class=\"is-visible\">Automatizaci\u00f3n<\/b>\n<b class=\"\">Control<\/b>\n<\/span><\/h1><\/span><\/b><\/h6>\n<p>[\/vc_column_text][vc_custom_heading text=&#8221;Entendemos tu necesidad y la traducimos en el objetivo de nuestra empresa.&#8221; font_container=&#8221;tag:div|font_size:20px|text_align:center|color:%23ffffff&#8221; use_theme_fonts=&#8221;yes&#8221;][vc_single_image image=&#8221;3978&#8243; img_size=&#8221;large&#8221; alignment=&#8221;center&#8221; css=&#8221;.vc_custom_1760054778615{padding-top: 25px !important;padding-bottom: 15px !important;}&#8221;][\/vc_column][vc_column width=&#8221;1\/6&#8243;][\/vc_column][\/vc_row][vc_row css=&#8221;.vc_custom_1575627693206{margin-top: -10% !important;}&#8221; el_class=&#8221;fix-overflow&#8221;][vc_column][vc_text_separator title=&#8221;Nuestros socios de negocio&#8221; color=&#8221;blue&#8221; border_width=&#8221;10&#8243; css_animation=&#8221;none&#8221; css=&#8221;.vc_custom_1755818106259{margin-top: 30px !important;}&#8221; el_class=&#8221;fw-bold&#8221;][vc_empty_space height=&#8221;40px&#8221;]<ul class=\"iconlist iconlist iconlist-icon-medium gap-10\"><li><div class=\"hover3 aligncenter shadow  vc_custom_1761621442120\"><div class=\"iconlist-item-icon\"><img decoding=\"async\" src=\"https:\/\/www.solucionesitaca.com\/itaca\/wp-content\/uploads\/2025\/08\/SICK.png\" alt=\"SICK\" \/><\/div><div class=\"iconlist-item-content\"><a href=\"https:\/\/www.solucionesitaca.com\/itaca\/?page_id=3814\"><b>Mas Info<\/b><\/a><\/div><\/div><\/li><li><div class=\"hover3 aligncenter shadow  vc_custom_1761621491005\"><div class=\"iconlist-item-icon\"><img decoding=\"async\" src=\"https:\/\/www.solucionesitaca.com\/itaca\/wp-content\/uploads\/2025\/08\/ORIENTALMOTOR.png\" alt=\"ORIENTALMOTOR\" \/><\/div><div class=\"iconlist-item-content\"><a href=\"https:\/\/www.solucionesitaca.com\/itaca\/?page_id=3051\"><b>Mas Info<\/b><\/a><\/div><\/div><\/li><li><div class=\"hover3 aligncenter shadow  vc_custom_1761621498072\"><div class=\"iconlist-item-icon\"><img decoding=\"async\" src=\"https:\/\/www.solucionesitaca.com\/itaca\/wp-content\/uploads\/2025\/08\/ANDERSON-NEGELE.png\" alt=\"ANDERSON-NEGELE\" \/><\/div><div class=\"iconlist-item-content\"><a href=\"https:\/\/www.solucionesitaca.com\/itaca\/?page_id=3011\"><b>Mas Info<\/b><\/a><\/div><\/div><\/li><li><div class=\"hover3 aligncenter shadow  vc_custom_1761621504268\"><div class=\"iconlist-item-icon\"><img decoding=\"async\" src=\"https:\/\/www.solucionesitaca.com\/itaca\/wp-content\/uploads\/2025\/08\/ROBOT.png\" alt=\"ROBOT\" \/><\/div><div class=\"iconlist-item-content\"><a href=\"https:\/\/www.solucionesitaca.com\/itaca\/?page_id=2895\"><b>Mas Info<\/b><\/a><\/div><\/div><\/li><li><div class=\"hover3 aligncenter shadow  vc_custom_1761621511334\"><div class=\"iconlist-item-icon\"><img decoding=\"async\" src=\"https:\/\/www.solucionesitaca.com\/itaca\/wp-content\/uploads\/2025\/08\/HARTING.png\" alt=\"HARTING\" \/><\/div><div class=\"iconlist-item-content\"><strong><a href=\"https:\/\/www.solucionesitaca.com\/itaca\/?page_id=3614\">Mas Info<\/a><\/strong><\/div><\/div><\/li><li><div class=\"hover3 aligncenter shadow  vc_custom_1761621516769\"><div class=\"iconlist-item-icon\"><img decoding=\"async\" src=\"https:\/\/www.solucionesitaca.com\/itaca\/wp-content\/uploads\/2025\/08\/KOLVER.png\" alt=\"KOLVER\" \/><\/div><div class=\"iconlist-item-content\"><strong><a href=\"https:\/\/www.solucionesitaca.com\/itaca\/?page_id=3541\">Mas Info<\/a><\/strong><\/div><\/div><\/li><li><div class=\"hover3 aligncenter shadow  vc_custom_1761621524692\"><div class=\"iconlist-item-icon\"><img decoding=\"async\" src=\"https:\/\/www.solucionesitaca.com\/itaca\/wp-content\/uploads\/2025\/08\/VAISALA.png\" alt=\"VAISALA\" \/><\/div><div class=\"iconlist-item-content\"><strong><a href=\"https:\/\/www.solucionesitaca.com\/itaca\/?page_id=3820\">Mas Info<\/a><\/strong><\/div><\/div><\/li><li><div class=\"hover3 aligncenter shadow  vc_custom_1758570363740\"><div class=\"iconlist-item-icon\"><img decoding=\"async\" src=\"https:\/\/www.solucionesitaca.com\/itaca\/wp-content\/uploads\/2025\/08\/VPC.png\" alt=\"VPC\" \/><\/div><div class=\"iconlist-item-content\"><strong><a href=\"https:\/\/www.solucionesitaca.com\/itaca\/?page_id=3846\">Mas Info<\/a><\/strong><\/div><\/div><\/li><li><div class=\"hover3 aligncenter shadow  vc_custom_1757458249704\"><div class=\"iconlist-item-icon\"><img decoding=\"async\" src=\"https:\/\/www.solucionesitaca.com\/itaca\/wp-content\/uploads\/2025\/08\/BECKHOFF.png\" alt=\"BECKHOFF\" \/><\/div><div class=\"iconlist-item-content\"><strong><a href=\"https:\/\/www.solucionesitaca.com\/itaca\/?page_id=3777\">Mas Info<\/a><\/strong><\/div><\/div><\/li><li><div class=\"hover3 aligncenter shadow  vc_custom_1758569164662\"><div class=\"iconlist-item-icon\"><img decoding=\"async\" src=\"https:\/\/www.solucionesitaca.com\/itaca\/wp-content\/uploads\/2025\/08\/BRAY.png\" alt=\"BRAY\" \/><\/div><div class=\"iconlist-item-content\"><strong><a href=\"https:\/\/www.solucionesitaca.com\/itaca\/?page_id=3797\">Mas Info<\/a><\/strong><\/div><\/div><\/li><li><div class=\"hover3 aligncenter shadow  vc_custom_1758569442282\"><div class=\"iconlist-item-icon\"><img decoding=\"async\" src=\"https:\/\/www.solucionesitaca.com\/itaca\/wp-content\/uploads\/2025\/08\/DELTA.png\" alt=\"DELTA\" \/><\/div><div class=\"iconlist-item-content\"><strong><a href=\"https:\/\/www.solucionesitaca.com\/itaca\/?page_id=3793\">Mas Info<\/a><\/strong><\/div><\/div><\/li><li><div class=\"hover3 aligncenter shadow  vc_custom_1758569398770\"><div class=\"iconlist-item-icon\"><img decoding=\"async\" src=\"https:\/\/www.solucionesitaca.com\/itaca\/wp-content\/uploads\/2025\/08\/WAKAII.png\" alt=\"WAKAII\" \/><\/div><div class=\"iconlist-item-content\"><strong><a href=\"https:\/\/www.solucionesitaca.com\/itaca\/?page_id=3845\">Mas Info<\/a><\/strong><\/div><\/div><\/li><\/ul>[vc_empty_space height=&#8221;20px&#8221;][vc_column_text css_animation=&#8221;appear&#8221;]<\/p>\n<p style=\"text-align: center; color: white;\">Automatizaci\u00f3n Industrial de <strong>Vanguardia y Clase Mundial<\/strong> para el sector <strong>Farmac\u00e9utico, Qu\u00edmico, Automotriz y Alimenticio.<\/strong><\/p>\n<p>[\/vc_column_text][vc_empty_space height=&#8221;230px&#8221;][\/vc_column][\/vc_row][\/vc_section][vc_row el_class=&#8221;fix-overflow&#8221; css=&#8221;.vc_custom_1575627702918{background-color: #ffffff !important;}&#8221;][vc_column][vc_single_image image=&#8221;3695&#8243; img_size=&#8221;1100&#215;1003&#8243; alignment=&#8221;center&#8221; css=&#8221;.vc_custom_1760054609935{margin-top: -170px !important;}&#8221;][\/vc_column][\/vc_row][vc_section css=&#8221;.vc_custom_1575627708631{background-color: #ffffff !important;}&#8221;][vc_row css=&#8221;.vc_custom_1575627714361{padding-top: 80px !important;padding-bottom: 30px !important;}&#8221;][vc_column width=&#8221;1\/4&#8243;][\/vc_column][vc_column width=&#8221;1\/2&#8243;][vc_custom_heading text=&#8221;Entendemos tu necesidad, la traducimos en el&#8221; font_container=&#8221;tag:h6|font_size:18px|text_align:center&#8221; use_theme_fonts=&#8221;yes&#8221;][vc_empty_space height=&#8221;6px&#8221;][vc_custom_heading text=&#8221;OBJETIVO&#8221; font_container=&#8221;tag:h2|text_align:center&#8221; use_theme_fonts=&#8221;yes&#8221;][vc_empty_space height=&#8221;10px&#8221;][vc_custom_heading text=&#8221;de nuestra empresa y creamos una&#8221; font_container=&#8221;tag:h6|font_size:18px|text_align:center&#8221; use_theme_fonts=&#8221;yes&#8221;][vc_empty_space height=&#8221;10px&#8221;][vc_custom_heading text=&#8221;SOLUCION PARA TI&#8221; font_container=&#8221;tag:h2|text_align:center&#8221; use_theme_fonts=&#8221;yes&#8221;][vc_empty_space height=&#8221;10px&#8221;][vc_custom_heading text=&#8221;que genera un lazo de&#8221; font_container=&#8221;tag:h6|font_size:18px|text_align:center&#8221; use_theme_fonts=&#8221;yes&#8221;][vc_empty_space height=&#8221;10px&#8221;][vc_custom_heading text=&#8221;CONFIANZA PERMANENTE&#8221; font_container=&#8221;tag:h2|text_align:center&#8221; use_theme_fonts=&#8221;yes&#8221;][\/vc_column][vc_column width=&#8221;1\/4&#8243;][\/vc_column][\/vc_row][vc_row gap=&#8221;35&#8243; equal_height=&#8221;yes&#8221; content_placement=&#8221;middle&#8221; css=&#8221;.vc_custom_1575627718093{padding-top: 35px !important;}&#8221;][vc_column width=&#8221;7\/12&#8243; css=&#8221;.vc_custom_1580656287826{background-image: url(https:\/\/itaca.olorga.mx\/wp\/wp-content\/uploads\/2020\/01\/Imagen2-1.jpg?id=2464) !important;background-position: center !important;background-repeat: no-repeat !important;background-size: cover !important;}&#8221;][vc_empty_space height=&#8221;400px&#8221;][\/vc_column][vc_column width=&#8221;5\/12&#8243; css=&#8221;.vc_custom_1761862305383{margin-right: 17.5px !important;margin-left: 17.5px !important;padding-top: 12% !important;padding-right: 15% !important;padding-bottom: 12% !important;padding-left: 15% !important;background-color: #191937 !important;}&#8221;][vc_custom_heading text=&#8221;Socio estrat\u00e9gico en:&#8221; font_container=&#8221;tag:h2|text_align:left|color:%23ffffff&#8221; use_theme_fonts=&#8221;yes&#8221;][vc_empty_space height=&#8221;30px&#8221;]<ul class=\"iconlist iconlist iconlist-icon-mini \"><li><div ><div class=\"iconlist-item-icon\"><img decoding=\"async\" src=\"https:\/\/www.solucionesitaca.com\/itaca\/wp-content\/uploads\/2019\/04\/check-w.svg\" alt=\"check-w\" \/><\/div><div class=\"iconlist-item-content\"><strong><span style=\"color: #ffffff\">Automatizaci\u00f3n<\/span><\/strong><\/div><\/div><\/li><li><div ><div class=\"iconlist-item-icon\"><img decoding=\"async\" src=\"https:\/\/www.solucionesitaca.com\/itaca\/wp-content\/uploads\/2019\/04\/check-w.svg\" alt=\"check-w\" \/><\/div><div class=\"iconlist-item-content\"><strong><span style=\"color: #ffffff\">Instrumentaci\u00f3n<\/span><\/strong><\/div><\/div><\/li><li><div ><div class=\"iconlist-item-icon\"><img decoding=\"async\" src=\"https:\/\/www.solucionesitaca.com\/itaca\/wp-content\/uploads\/2019\/04\/check-w.svg\" alt=\"check-w\" \/><\/div><div class=\"iconlist-item-content\"><strong><span style=\"color: #ffffff\">Control de procesos<\/span><\/strong><\/div><\/div><\/li><\/ul>[vc_column_text]<a class=\"button small primary full btn-inverted\" href=\"https:\/\/www.solucionesitaca.com\/itaca\/?page_id=239\">Cont\u00e1ctanos<\/a>[\/vc_column_text][\/vc_column][\/vc_row][vc_row gap=&#8221;35&#8243; equal_height=&#8221;yes&#8221; content_placement=&#8221;middle&#8221; css=&#8221;.vc_custom_1575627918002{padding-top: 65px !important;}&#8221;][vc_column width=&#8221;5\/12&#8243; css=&#8221;.vc_custom_1762804807871{margin-right: 17.5px !important;margin-left: 17.5px !important;padding-top: 12% !important;padding-right: 15% !important;padding-bottom: 12% !important;padding-left: 15% !important;background-color: #191937 !important;}&#8221;][vc_custom_heading text=&#8221;MAS QUE SOLO EXPERIENCIA EN LA INDUSTRIA&#8221; font_container=&#8221;tag:h2|text_align:left|color:%23ffffff&#8221; use_theme_fonts=&#8221;yes&#8221;][vc_empty_space height=&#8221;30px&#8221;]<ul class=\"iconlist iconlist iconlist-icon-mini \"><li><div ><div class=\"iconlist-item-icon\"><img decoding=\"async\" src=\"https:\/\/www.solucionesitaca.com\/itaca\/wp-content\/uploads\/2019\/04\/check-w.svg\" alt=\"check-w\" \/><\/div><div class=\"iconlist-item-content\"><strong><span style=\"color: #ffffff\">Enfocados a tus objetivos<\/span><\/strong><\/div><\/div><\/li><li><div ><div class=\"iconlist-item-icon\"><img decoding=\"async\" src=\"https:\/\/www.solucionesitaca.com\/itaca\/wp-content\/uploads\/2019\/04\/check-w.svg\" alt=\"check-w\" \/><\/div><div class=\"iconlist-item-content\"><strong><span style=\"color: #ffffff\">Soluci\u00f3n a tus necesidades<\/span><\/strong><\/div><\/div><\/li><li><div ><div class=\"iconlist-item-icon\"><img decoding=\"async\" src=\"https:\/\/www.solucionesitaca.com\/itaca\/wp-content\/uploads\/2019\/04\/check-w.svg\" alt=\"check-w\" \/><\/div><div class=\"iconlist-item-content\"><strong><span style=\"color: #ffffff\">Excelente atenci\u00f3n al cliente<\/span><\/strong><\/div><\/div><\/li><li><div ><div class=\"iconlist-item-icon\"><img decoding=\"async\" src=\"https:\/\/www.solucionesitaca.com\/itaca\/wp-content\/uploads\/2019\/04\/check-w.svg\" alt=\"check-w\" \/><\/div><div class=\"iconlist-item-content\"><strong><span style=\"color: #ffffff\">Consultores experimentados y profesionales en la materia<\/span><\/strong><\/div><\/div><\/li><\/ul>[vc_column_text]<a class=\"button small primary full btn-inverted\" href=\"https:\/\/www.solucionesitaca.com\/itaca\/?page_id=239\">Cont\u00e1ctanos<\/a>[\/vc_column_text][\/vc_column][vc_column width=&#8221;7\/12&#8243; css=&#8221;.vc_custom_1581644370672{margin-right: 17.5px !important;margin-left: 17.5px !important;background-image: url(https:\/\/itaca.olorga.mx\/wp\/wp-content\/uploads\/2020\/02\/robotics1.jpg?id=2627) !important;background-position: center !important;background-repeat: no-repeat !important;background-size: cover !important;}&#8221;][vc_empty_space height=&#8221;200px&#8221;][\/vc_column][\/vc_row][vc_row css=&#8221;.vc_custom_1575627735296{padding-top: 80px !important;padding-bottom: 50px !important;}&#8221;][vc_column][vc_custom_heading text=&#8221;&#8221; font_container=&#8221;tag:h2|text_align:center|color:%231e73be&#8221; use_theme_fonts=&#8221;yes&#8221;][vc_empty_space height=&#8221;100px&#8221;][vc_row_inner css=&#8221;.vc_custom_1555989440813{padding-right: 10% !important;padding-left: 10% !important;}&#8221;][vc_column_inner width=&#8221;1\/3&#8243;]<div class=\"counter aligncenter \"> <div class=\"counter-detail\">\n\t\t<h3 class=\"counter-content\">\n\t\t\t<span class=\"counter-prefix\"><\/span><span class=\"counter-value\" data-from=\"0\" data-to=\"350\" data-speed=\"10000\">0<\/span><span class=\"counter-suffix\">+<\/span>\n\t\t<\/h3>\n\t<div class=\"counter-title\">Clientes Satisfechos<\/div><\/div><\/div>[vc_empty_space height=&#8221;60px&#8221;][\/vc_column_inner][vc_column_inner width=&#8221;1\/3&#8243;]<div class=\"counter aligncenter \"> <div class=\"counter-detail\">\n\t\t<h3 class=\"counter-content\">\n\t\t\t<span class=\"counter-prefix\">+<\/span><span class=\"counter-value\" data-from=\"0\" data-to=\"100000\" data-speed=\"10000\">0<\/span><span class=\"counter-suffix\"><\/span>\n\t\t<\/h3>\n\t<div class=\"counter-title\">Productos a tu alcance...<\/div><\/div><\/div>[vc_empty_space height=&#8221;60px&#8221;][\/vc_column_inner][vc_column_inner width=&#8221;1\/3&#8243;]<div class=\"counter aligncenter \"> <div class=\"counter-detail\">\n\t\t<h3 class=\"counter-content\">\n\t\t\t<span class=\"counter-prefix\">+<\/span><span class=\"counter-value\" data-from=\"0\" data-to=\"15\" data-speed=\"10000\">0<\/span><span class=\"counter-suffix\"><\/span>\n\t\t<\/h3>\n\t<div class=\"counter-title\">A\u00f1os de Experiencia<\/div><\/div><\/div>[vc_empty_space height=&#8221;60px&#8221;][\/vc_column_inner][\/vc_row_inner][\/vc_column][\/vc_row][\/vc_section][vc_section css=&#8221;.vc_custom_1581648348466{padding-top: 8% !important;padding-bottom: 16% !important;background: #5872a9 url(https:\/\/itaca.olorga.mx\/wp\/wp-content\/uploads\/2020\/01\/Imagen1-1.jpg?id=2463) !important;background-position: center !important;background-repeat: no-repeat !important;background-size: cover !important;}&#8221; el_class=&#8221;mask&#8221;][vc_row][vc_column width=&#8221;1\/4&#8243;][\/vc_column][vc_column width=&#8221;1\/2&#8243;][vc_empty_space height=&#8221;6px&#8221;][vc_empty_space height=&#8221;10px&#8221;][vc_custom_heading text=&#8221;industries we serve&#8221; font_container=&#8221;tag:h6|font_size:18px|text_align:center|color:rgba(255%2C255%2C255%2C0.65)&#8221; use_theme_fonts=&#8221;yes&#8221;][vc_custom_heading text=&#8221;WE WORK WITH GLOBAL BRANDS&#8221; font_container=&#8221;tag:h2|text_align:center|color:%23ffffff&#8221; use_theme_fonts=&#8221;yes&#8221; css_animation=&#8221;fadeInRightBig&#8221;][\/vc_column][vc_column width=&#8221;1\/4&#8243;][\/vc_column][\/vc_row][\/vc_section][vc_row css=&#8221;.vc_custom_1575627758295{padding-top: 100px !important;padding-bottom: 35px !important;}&#8221;][vc_column][vc_row_inner][vc_column_inner width=&#8221;1\/4&#8243;][\/vc_column_inner][vc_column_inner width=&#8221;1\/2&#8243;][vc_custom_heading text=&#8221;\u00bfPorqu\u00e9 nosotros?&#8221; font_container=&#8221;tag:h6|font_size:18px|text_align:center&#8221; use_theme_fonts=&#8221;yes&#8221;][vc_empty_space height=&#8221;6px&#8221;][vc_custom_heading text=&#8221;SOMOS DIFERENTES&#8221; font_container=&#8221;tag:h2|text_align:center&#8221; use_theme_fonts=&#8221;yes&#8221;][vc_empty_space height=&#8221;60px&#8221;][\/vc_column_inner][vc_column_inner width=&#8221;1\/4&#8243;][\/vc_column_inner][\/vc_row_inner]<ul class=\"iconlist iconlist iconlist-icon-small columns-3 gap-60 number\"><li><div ><div class=\"iconlist-item-icon\"><img decoding=\"async\" src=\"https:\/\/www.solucionesitaca.com\/itaca\/wp-content\/uploads\/2018\/08\/conversations-4872_af60b258-251e-41af-b238-dfb706d7b3d4.svg\" alt=\"conversations-4872_af60b258-251e-41af-b238-dfb706d7b3d4\" \/><\/div><div class=\"iconlist-item-content\"><h5><strong>PRECIOS COMPETITIVOS<\/strong><\/h5><p>Al ser distribuidores autorizados de marcas competitivas en la industria, ofrecemos a nuestros clientes excelentes ofertas para que cumplan con su esquema de gastos.<\/div><\/div><\/li><li><div ><div class=\"iconlist-item-icon\"><img decoding=\"async\" src=\"https:\/\/www.solucionesitaca.com\/itaca\/wp-content\/uploads\/2018\/08\/conversations-4872_af60b258-251e-41af-b238-dfb706d7b3d4.svg\" alt=\"conversations-4872_af60b258-251e-41af-b238-dfb706d7b3d4\" \/><\/div><div class=\"iconlist-item-content\"><h5><strong>STOCK LOCAL<\/strong><\/h5><p>Al contar con un stock local, impactamos positivamente en tiempos de entrega y costos, lo que refleja la mejor\u00eda de la productividad de nuestros clientes.<\/div><\/div><\/li><li><div ><div class=\"iconlist-item-icon\"><img decoding=\"async\" src=\"https:\/\/www.solucionesitaca.com\/itaca\/wp-content\/uploads\/2018\/08\/conversations-4872_af60b258-251e-41af-b238-dfb706d7b3d4.svg\" alt=\"conversations-4872_af60b258-251e-41af-b238-dfb706d7b3d4\" \/><\/div><div class=\"iconlist-item-content\"><h5><strong>CAPACITACI\u00d3N Y SOPORTE<\/strong><\/h5><p>Vamos de la mano con nuestros clientes en cada etapa que se deriva de la compra, al darle soporte t\u00e9cnico y capacitaci\u00f3n especializada a las \u00e1reas relacionadas con sus procesos.<\/div><\/div><\/li><li><div ><div class=\"iconlist-item-icon\"><img decoding=\"async\" src=\"https:\/\/www.solucionesitaca.com\/itaca\/wp-content\/uploads\/2018\/09\/diploma-2983_a6bb0b64-dbc1-431e-ac00-a83597982a0.svg\" alt=\"diploma-2983_a6bb0b64-dbc1-431e-ac00-a83597982a0\" \/><\/div><div class=\"iconlist-item-content\"><h5><strong>MANTENIMIENTO PREDICTIVO<\/strong><\/h5><p>Somos socios estrat\u00e9gicos de nuestros cliente, conocemos sus procesos y necesidades, por lo tanto, predecimos contingencias.<\/div><\/div><\/li><li><div ><div class=\"iconlist-item-icon\"><img decoding=\"async\" src=\"https:\/\/www.solucionesitaca.com\/itaca\/wp-content\/uploads\/2018\/08\/messaging-app-4876_473fc710-9ecc-4785-9e78-8c9f00ae9498.svg\" alt=\"messaging-app-4876_473fc710-9ecc-4785-9e78-8c9f00ae9498\" \/><\/div><div class=\"iconlist-item-content\"><h5><strong>REDUCCI\u00d3N DE COSTOS<\/strong><\/h5><p>Al contar con stock local y al formar un lazo con nuestros clientes impactamos positivamente en la reducci\u00f3n de sus costos, integr\u00e1ndonos as\u00ed a la labor de cumplir sus metas de gastos.<\/div><\/div><\/li><li><div ><div class=\"iconlist-item-icon\"><img decoding=\"async\" src=\"https:\/\/www.solucionesitaca.com\/itaca\/wp-content\/uploads\/2018\/08\/flag-2979_1fd1d414-4b4f-4887-a94a-493ba8e0b0c7.svg\" alt=\"flag-2979_1fd1d414-4b4f-4887-a94a-493ba8e0b0c7\" \/><\/div><div class=\"iconlist-item-content\"><h5><strong>ESTANDARIZACI\u00d3N DE PROVEEDORES Y MRO<\/strong><\/h5><p>Implementando un an\u00e1lisis especializado de capacitaci\u00f3n, propuesta de precios anualizada y servicio local, te ayudamos a reducir inventario en almac\u00e9n y adquirirlos con un solo proveedor.<\/div><\/div><\/li><\/ul>[vc_video link=&#8221;https:\/\/youtu.be\/gJiJhW8Ejy0&#8243; align=&#8221;center&#8221;][\/vc_column][\/vc_row]<\/p>\n","protected":false},"excerpt":{"rendered":"<p>[vc_section css=&#8221;.vc_custom_1761862821627{background-color: #191937 !important;}&#8221;][vc_row video_bg=&#8221;yes&#8221; video_bg_url=&#8221;https:\/\/www.youtube.com\/watch?v=_gU9419zYTE&#8221; css=&#8221;.vc_custom_1761862846507{padding-top: 5% !important;padding-right: 8% !important;padding-bottom: 8% !important;padding-left: 8% !important;background: #191937 url(https:\/\/itaca.olorga.mx\/wp\/wp-content\/uploads\/2020\/01\/Imagen3-1.jpg?id=2465) !important;background-position: center !important;background-repeat: no-repeat !important;background-size: cover !important;}&#8221; el_class=&#8221;mask&#8221;][vc_column width=&#8221;1\/6&#8243;][\/vc_column][vc_column width=&#8221;2\/3&#8243;][vc_custom_heading text=&#8221;Soluciones en procesos de&#8221; font_container=&#8221;tag:h2|font_size:2rem|text_align:center|color:%23ffffff|line_height:1em&#8221; use_theme_fonts=&#8221;yes&#8221;][vc_column_text css_animation=&#8221;none&#8221; css=&#8221;.vc_custom_1762918893388{margin-bottom: 15px !important;}&#8221; el_class=&#8221;white-color aligncenter&#8221;] [\/vc_column_text][vc_custom_heading text=&#8221;Entendemos tu necesidad y la traducimos en el objetivo de nuestra empresa.&#8221; font_container=&#8221;tag:div|font_size:20px|text_align:center|color:%23ffffff&#8221; use_theme_fonts=&#8221;yes&#8221;][vc_single_image image=&#8221;3978&#8243; [&hellip;]<\/p>\n","protected":false},"author":1,"featured_media":0,"parent":0,"menu_order":0,"comment_status":"closed","ping_status":"closed","template":"tmpl\/template-fullwidth.php","meta":{"footnotes":""},"class_list":["post-2","page","type-page","status-publish","hentry"],"_links":{"self":[{"href":"https:\/\/www.solucionesitaca.com\/itaca\/index.php?rest_route=\/wp\/v2\/pages\/2","targetHints":{"allow":["GET"]}}],"collection":[{"href":"https:\/\/www.solucionesitaca.com\/itaca\/index.php?rest_route=\/wp\/v2\/pages"}],"about":[{"href":"https:\/\/www.solucionesitaca.com\/itaca\/index.php?rest_route=\/wp\/v2\/types\/page"}],"author":[{"embeddable":true,"href":"https:\/\/www.solucionesitaca.com\/itaca\/index.php?rest_route=\/wp\/v2\/users\/1"}],"replies":[{"embeddable":true,"href":"https:\/\/www.solucionesitaca.com\/itaca\/index.php?rest_route=%2Fwp%2Fv2%2Fcomments&post=2"}],"version-history":[{"count":107,"href":"https:\/\/www.solucionesitaca.com\/itaca\/index.php?rest_route=\/wp\/v2\/pages\/2\/revisions"}],"predecessor-version":[{"id":4142,"href":"https:\/\/www.solucionesitaca.com\/itaca\/index.php?rest_route=\/wp\/v2\/pages\/2\/revisions\/4142"}],"wp:attachment":[{"href":"https:\/\/www.solucionesitaca.com\/itaca\/index.php?rest_route=%2Fwp%2Fv2%2Fmedia&parent=2"}],"curies":[{"name":"wp","href":"https:\/\/api.w.org\/{rel}","templated":true}]}}