{"id":2710,"date":"2020-02-17T22:08:22","date_gmt":"2020-02-17T22:08:22","guid":{"rendered":"https:\/\/itaca.olorga.mx\/wp\/?page_id=2710"},"modified":"2021-06-18T15:46:03","modified_gmt":"2021-06-18T15:46:03","slug":"lumnberg-automation","status":"publish","type":"page","link":"https:\/\/www.solucionesitaca.com\/itaca\/?page_id=2710","title":{"rendered":"LUMBERG AUTOMATION"},"content":{"rendered":"<p>[vc_row css=&#8221;.vc_custom_1583433587447{margin-top: -80px !important;background-color: #ffffff !important;}&#8221;][vc_column offset=&#8221;vc_hidden-sm vc_hidden-xs&#8221;][vc_widget_sidebar sidebar_id=&#8221;sidebar-5b8f8fdb9861f&#8221;][\/vc_column][\/vc_row][vc_section css_animation=&#8221;none&#8221; disable_element=&#8221;yes&#8221; el_id=&#8221;overview&#8221;][vc_row css=&#8221;.vc_custom_1575629379269{margin-right: -15px !important;margin-left: -15px !important;padding-top: 50px !important;}&#8221;][vc_column][vc_row_inner disable_element=&#8221;yes&#8221;][vc_column_inner width=&#8221;1\/4&#8243;][\/vc_column_inner][vc_column_inner width=&#8221;1\/2&#8243;][vc_custom_heading text=&#8221;LUMBERG AUTOMATION&#8221; font_container=&#8221;tag:h2|text_align:center&#8221; use_theme_fonts=&#8221;yes&#8221;][vc_empty_space height=&#8221;20px&#8221;][vc_column_text]<\/p>\n<p style=\"text-align: center;\">Inresar una rese\u00f1a de SICK<\/p>\n<p>[\/vc_column_text][\/vc_column_inner][vc_column_inner width=&#8221;1\/4&#8243;][\/vc_column_inner][\/vc_row_inner][vc_empty_space height=&#8221;60px&#8221;]<ul class=\"iconlist iconlist iconlist-icon-medium columns-4\"><li><div class=\"shadow  vc_custom_1556243939423\"><div class=\"iconlist-item-icon\"><\/div><div class=\"iconlist-item-content\"><h4><span style=\"color: #ffffff\">Control IT Costs<\/span><\/h4><p><span style=\"color: #fff\">You can scale your IT Costs according to your requirements and only pay for what you need. Whether that be increasing or decreasing staff, or IT project work.<\/span><\/div><\/div><\/li><li><div class=\"shadow  vc_custom_1556244014127\"><div class=\"iconlist-item-icon\"><\/div><div class=\"iconlist-item-content\"><h4><span style=\"color: #ffffff\">Trusted IT advisor<\/span><\/h4><p><span style=\"color: #ffffff\">Through regular account management meetings your Managed IT service company will be able to oversee your overall IT roadmap and become your trusted advisor.<\/span><\/div><\/div><\/li><li><div class=\"shadow  vc_custom_1556244026971\"><div class=\"iconlist-item-icon\"><\/div><div class=\"iconlist-item-content\"><h4><span style=\"color: #ffffff\">Increased efficiency<\/span><\/h4><p><span style=\"color: #ffffff\">You\u2019ll have your IT needs outsourced to a team of IT experts, and during times where you need additional project support, your managed IT provider supplies the extra staff.<\/span><\/div><\/div><\/li><li><div class=\"shadow  vc_custom_1556244036679\"><div class=\"iconlist-item-icon\"><\/div><div class=\"iconlist-item-content\"><h4><span style=\"color: #ffffff\">Economy of scale<\/span><\/h4><p><span style=\"color: #ffffff\">As your business grows, its support structure needs to grow, too. When you use a managed IT service you can scale your business up or down with nothing more than a simple discussion.<\/span><\/div><\/div><\/li><\/ul>[vc_empty_space height=&#8221;200px&#8221;][\/vc_column][\/vc_row][vc_row el_class=&#8221;fix-overflow&#8221; css=&#8221;.vc_custom_1575628842663{background-color: #ffffff !important;}&#8221;][vc_column width=&#8221;1\/4&#8243;][\/vc_column][vc_column width=&#8221;1\/2&#8243;][vc_single_image image=&#8221;2347&#8243; img_size=&#8221;full&#8221; alignment=&#8221;center&#8221; css=&#8221;.vc_custom_1556095626576{margin-top: -170px !important;}&#8221;][\/vc_column][vc_column width=&#8221;1\/4&#8243;][\/vc_column][\/vc_row][\/vc_section][vc_section css=&#8221;.vc_custom_1583430264785{background-color: #ffffff !important;}&#8221; el_id=&#8221;overview&#8221;][vc_row css=&#8221;.vc_custom_1575628852218{padding-top: 100px !important;padding-bottom: 30px !important;}&#8221;][vc_column width=&#8221;1\/4&#8243;][\/vc_column][vc_column width=&#8221;1\/2&#8243;][vc_single_image image=&#8221;3125&#8243; img_size=&#8221;large&#8221; alignment=&#8221;center&#8221;][vc_custom_heading text=&#8221;Soluciones industriales de conectividad&#8221; font_container=&#8221;tag:h2|text_align:center&#8221; use_theme_fonts=&#8221;yes&#8221;][vc_empty_space height=&#8221;10px&#8221;][vc_column_text]<\/p>\n<p style=\"text-align: center;\">Belden ofrece un portafolio significativo de productos para transmisiones de se\u00f1al, redes de comunicaci\u00f3n y fuentes de alimentaci\u00f3n de dispositivos, con un sin fin de aplicaciones en la industria de automatizaci\u00f3n y construcci\u00f3n de m\u00e1quinas.<\/p>\n<p style=\"text-align: center;\">Belden utiliza tecnolog\u00eda de vanguard\u00eda y crea soluciones personalizadas para empresas l\u00edderes en automatizaci\u00f3n, incorporando una amplia gama de productos que complen con los \u00faltimos est\u00e1ndares del mercado.<\/p>\n<p>[\/vc_column_text][\/vc_column][vc_column width=&#8221;1\/4&#8243;][\/vc_column][\/vc_row][vc_row gap=&#8221;35&#8243; equal_height=&#8221;yes&#8221; content_placement=&#8221;middle&#8221; disable_element=&#8221;yes&#8221; css=&#8221;.vc_custom_1581971357490{padding-top: 35px !important;}&#8221;][vc_column width=&#8221;7\/12&#8243; css=&#8221;.vc_custom_1555991134461{margin-right: 17.5px !important;margin-left: 17.5px !important;background-image: url(https:\/\/itaca.olorga.mx\/wp\/wp-content\/uploads\/2018\/05\/285-jir-60871-nam-eye-id-392451-jpeg1.jpg?id=141) !important;background-position: center !important;background-repeat: no-repeat !important;background-size: cover !important;}&#8221;][vc_empty_space height=&#8221;200px&#8221;][\/vc_column][vc_column width=&#8221;5\/12&#8243; css=&#8221;.vc_custom_1555991711406{margin-right: 17.5px !important;margin-left: 17.5px !important;padding-top: 12% !important;padding-right: 15% !important;padding-bottom: 12% !important;padding-left: 15% !important;background-color: #32f0f0 !important;}&#8221;][vc_custom_heading text=&#8221;OUR PEOPLE MAKE US SPECIAL&#8221; use_theme_fonts=&#8221;yes&#8221;][vc_empty_space height=&#8221;30px&#8221;]<ul class=\"iconlist iconlist iconlist-icon-mini \"><li><div ><div class=\"iconlist-item-icon\"><img decoding=\"async\" src=\"https:\/\/www.solucionesitaca.com\/itaca\/wp-content\/uploads\/2019\/04\/check-w.svg\" alt=\"check-w\" \/><\/div><div class=\"iconlist-item-content\"><span style=\"color: #191937\">Our people love being here<\/span><\/div><\/div><\/li><li><div ><div class=\"iconlist-item-icon\"><img decoding=\"async\" src=\"https:\/\/www.solucionesitaca.com\/itaca\/wp-content\/uploads\/2019\/04\/check-w.svg\" alt=\"check-w\" \/><\/div><div class=\"iconlist-item-content\"><span style=\"color: #191937\">We have a 95%+ retention rate for engineers<\/span><\/div><\/div><\/li><li><div ><div class=\"iconlist-item-icon\"><img decoding=\"async\" src=\"https:\/\/www.solucionesitaca.com\/itaca\/wp-content\/uploads\/2019\/04\/check-w.svg\" alt=\"check-w\" \/><\/div><div class=\"iconlist-item-content\"><span style=\"color: #191937\">We promote long-term relationships with clients<\/span><\/div><\/div><\/li><li><div ><div class=\"iconlist-item-icon\"><img decoding=\"async\" src=\"https:\/\/www.solucionesitaca.com\/itaca\/wp-content\/uploads\/2019\/04\/check-w.svg\" alt=\"check-w\" \/><\/div><div class=\"iconlist-item-content\"><span style=\"color: #191937\">Our team are passionate people who really know your system<\/span><\/div><\/div><\/li><\/ul>[vc_column_text]<a class=\"button small primary full\" href=\"#\">Find out more<\/a>[\/vc_column_text][\/vc_column][\/vc_row][\/vc_section][vc_section css_animation=&#8221;none&#8221; css=&#8221;.vc_custom_1575628894223{padding-top: 80px !important;padding-bottom: 30px !important;background-color: #ffffff !important;}&#8221; el_id=&#8221;solutions&#8221;][vc_row][vc_column][vc_empty_space][vc_empty_space][vc_custom_heading text=&#8221;SOLUCIONES&#8221; font_container=&#8221;tag:h6|font_size:40px|text_align:center&#8221; use_theme_fonts=&#8221;yes&#8221; el_class=&#8221;style1&#8243;][vc_text_separator title=&#8221;<b>Servicios y\/o Aplicaciones<\/b>&#8221; color=&#8221;black&#8221; border_width=&#8221;10&#8243;][vc_empty_space height=&#8221;6px&#8221;][vc_single_image image=&#8221;3134&#8243; img_size=&#8221;large&#8221; alignment=&#8221;center&#8221;][vc_empty_space height=&#8221;6px&#8221;]<ul class=\"iconlist iconlist iconlist-icon-medium gap-10\"><li><div class=\"hover3 aligncenter shadow  vc_custom_1583517645840\"><div class=\"iconlist-item-icon\"><img decoding=\"async\" src=\"https:\/\/www.solucionesitaca.com\/itaca\/wp-content\/uploads\/2020\/03\/power-connectors.jpg\" alt=\"power-connectors\" \/><\/div><div class=\"iconlist-item-content\"><h4>Conectores de alimentaci\u00f3n<\/h4><p><\/div><\/div><\/li><li><div class=\"hover3 aligncenter shadow  vc_custom_1583517730854\"><div class=\"iconlist-item-icon\"><img decoding=\"async\" src=\"https:\/\/www.solucionesitaca.com\/itaca\/wp-content\/uploads\/2020\/03\/IO-Systems-Product-Tile.jpg\" alt=\"IO-Systems-Product-Tile\" \/><\/div><div class=\"iconlist-item-content\"><h4>Sistemas I\/O<\/h4><p><\/div><\/div><\/li><li><div class=\"hover3 aligncenter shadow  vc_custom_1583519691844\"><div class=\"iconlist-item-icon\"><img decoding=\"async\" src=\"https:\/\/www.solucionesitaca.com\/itaca\/wp-content\/uploads\/2020\/03\/Sensor-Actuator20COMBINED.jpg\" alt=\"Sensor-Actuator20COMBINED\" \/><\/div><div class=\"iconlist-item-content\"><h4>Conectores de sensor \/ actuador<\/h4><p><\/div><\/div><\/li><li><div class=\"hover3 aligncenter shadow  vc_custom_1583517802083\"><div class=\"iconlist-item-icon\"><img decoding=\"async\" src=\"https:\/\/www.solucionesitaca.com\/itaca\/wp-content\/uploads\/2020\/03\/Valve-Connector.jpg\" alt=\"Valve-Connector\" \/><\/div><div class=\"iconlist-item-content\"><h4>Conectores de v\u00e1lvula<\/h4><p><\/div><\/div><\/li><li><div class=\"hover3 aligncenter shadow  vc_custom_1583517815470\"><div class=\"iconlist-item-icon\"><img decoding=\"async\" src=\"https:\/\/www.solucionesitaca.com\/itaca\/wp-content\/uploads\/2020\/03\/Data-Connectors-Combined-JPEG.jpg\" alt=\"Data-Connectors-Combined-JPEG\" \/><\/div><div class=\"iconlist-item-content\"><h4>Conectores de datos<\/h4><p><\/div><\/div><\/li><li><div class=\"hover3 aligncenter shadow  vc_custom_1583520827731\"><div class=\"iconlist-item-icon\"><img decoding=\"async\" src=\"https:\/\/www.solucionesitaca.com\/itaca\/wp-content\/uploads\/2020\/03\/connector-configurator.jpg\" alt=\"connector-configurator\" \/><\/div><div class=\"iconlist-item-content\"><h4>Productos de configuraci\u00f3n<\/h4><p><\/div><\/div><\/li><\/ul>[vc_column_text]<\/p>\n<p style=\"text-align: center;\"><a class=\"button small primary full\" href=\"https:\/\/itaca.olorga.mx\/wp\/?page_id=239\">Cont\u00e1ctanos<\/a><\/p>\n<p>[\/vc_column_text][vc_empty_space][\/vc_column][\/vc_row][vc_row el_class=&#8221;fix-overflow&#8221;][vc_column width=&#8221;1\/2&#8243;][vc_custom_heading text=&#8221;Productos y Servicios&#8221; font_container=&#8221;tag:h6|font_size:10px|text_align:center&#8221; use_theme_fonts=&#8221;yes&#8221;][vc_empty_space height=&#8221;40px&#8221;][vc_custom_heading text=&#8221;Gama de Productos&#8221; font_container=&#8221;tag:h2|text_align:center&#8221; use_theme_fonts=&#8221;yes&#8221;][\/vc_column][vc_column width=&#8221;1\/2&#8243;][vc_single_image image=&#8221;3138&#8243; img_size=&#8221;medium&#8221; alignment=&#8221;center&#8221;][vc_empty_space][vc_empty_space][\/vc_column][\/vc_row][\/vc_section][vc_row css=&#8221;.vc_custom_1583432836118{padding-top: 100px !important;background-color: #ffffff !important;}&#8221; el_id=&#8221;why&#8221;][vc_column width=&#8221;1\/4&#8243;][vc_empty_space][vc_single_image image=&#8221;3126&#8243; alignment=&#8221;center&#8221;][\/vc_column][vc_column width=&#8221;1\/2&#8243;][vc_column_text]<\/p>\n<p style=\"text-align: center; text-size: 20px;\"><b>Conectores de alimentaci\u00f3n<\/b><\/p>\n<p>Cuando hablamos de maquinar\u00eda el\u00e9ctrica, un conector de alimentaci\u00f3n confiable y consistente es indispensables. La elecci\u00f3n de un conector adecuado depende de la naturaleza de la aplicaci\u00f3n y de requerimientos espec\u00edficos.<\/p>\n<p style=\"text-align: center;\">Desde una gran diversidad de dise\u00f1o hasta est\u00e1ndares espec\u00edficos y versiones de alto voltaje, el portafolio de\u00a0 conectores de conectividad de Blenden ofrece amplia y pr\u00e1ctica selecci\u00f3n que cumple con los objetivos de aplicaci\u00f3n individuales.<\/p>\n<p>[\/vc_column_text][\/vc_column][vc_column width=&#8221;1\/4&#8243;][vc_empty_space][vc_single_image image=&#8221;3143&#8243; img_size=&#8221;medium&#8221; alignment=&#8221;center&#8221; onclick=&#8221;link_image&#8221;][\/vc_column][\/vc_row][vc_row css=&#8221;.vc_custom_1583431519292{padding-top: 100px !important;background-color: #ffffff !important;}&#8221;][vc_column width=&#8221;1\/4&#8243;][vc_empty_space][vc_single_image image=&#8221;3129&#8243; alignment=&#8221;center&#8221;][\/vc_column][vc_column width=&#8221;1\/2&#8243;][vc_column_text]<\/p>\n<p style=\"text-align: center; text-size: 20px;\"><b>Sistemas I\/O\u00a0<\/b><\/p>\n<p style=\"text-align: center;\">Cuando se trata de un sistema de transmisi\u00f3n de datos inteligente , confiable, flexible y rentable, un sistema I\/O es esencial. La selecci\u00f3n de un sistema I\/O apropiado depende de la naturaleza de su aplicaci\u00f3n, as\u00ed como de requerimientos espec\u00edficos,<\/p>\n<p style=\"text-align: center;\">Desde cajas de distribuci\u00f3n pasiva, <em>Fieldbus<\/em>, sistemas I\/O modulares\u00a0 y flexibles hasta sistemas de alto rendimiento de <em>Fieldbus<\/em> independiente, el portafolio de sistemas I\/O de Lumberg Atomation ofrece una gran variedad de soluciones para cumplir con las necesidades individuales.<\/p>\n<p>[\/vc_column_text][\/vc_column][vc_column width=&#8221;1\/4&#8243;][vc_empty_space][vc_single_image image=&#8221;3142&#8243; img_size=&#8221;medium&#8221; alignment=&#8221;center&#8221; onclick=&#8221;link_image&#8221;][\/vc_column][\/vc_row][vc_row css=&#8221;.vc_custom_1583431519292{padding-top: 100px !important;background-color: #ffffff !important;}&#8221;][vc_column width=&#8221;1\/4&#8243;][vc_empty_space][vc_single_image image=&#8221;3130&#8243; alignment=&#8221;center&#8221;][\/vc_column][vc_column width=&#8221;1\/2&#8243;][vc_column_text]<\/p>\n<p style=\"text-align: center; text-size: 20px;\"><b>Conector de sensor\/ actuador<\/b><\/p>\n<p>Conf\u00ede en la amplia cartera de conectores de sensor\/ actuador de\u00a0 Lumberg Automation\u00a0 para su f\u00e1brica o su maquinaria de automatizaci\u00f3n. Entre ellos se incluye: conectores y sets de cables M8 y M12; el est\u00e1ndar probado por la industria en d\u00e9cadas.<\/p>\n<p style=\"text-align: center;\">Dise\u00f1os flexibles y robustos, opciones est\u00e1ndar y especiales, hacen que los conectores de sensor \/ actuador de Lumberg Automation\u00a0 sean adecuados para una amplia variedad de aplicaciones y mercados. Lumberg Automation cuenta con gran experiencia en industrias como comida y bebida, transporte, automatizaci\u00f3n o manejo de materiales.<\/p>\n<p>[\/vc_column_text][\/vc_column][vc_column width=&#8221;1\/4&#8243;][vc_empty_space][vc_single_image image=&#8221;3144&#8243; img_size=&#8221;medium&#8221; alignment=&#8221;center&#8221; onclick=&#8221;link_image&#8221;][\/vc_column][\/vc_row][vc_row css=&#8221;.vc_custom_1583431519292{padding-top: 100px !important;background-color: #ffffff !important;}&#8221;][vc_column width=&#8221;1\/4&#8243;][vc_empty_space][vc_single_image image=&#8221;3131&#8243; alignment=&#8221;center&#8221;][\/vc_column][vc_column width=&#8221;1\/2&#8243;][vc_column_text]<\/p>\n<p style=\"text-align: center; text-size: 20px;\"><b>Conectores de valvula<\/b><\/p>\n<p>Cuando se trata de seleccionar los conectores de v\u00e1lvula adecuados, un rendimiento confiable y duradero, es tan importante como elegir el dise\u00f1o correcto, el circuito de protecci\u00f3n y los accesorios.<\/p>\n<p>Gracias a la protecci\u00f3n de circuitos y y a los indicadores de funci\u00f3n, as\u00ed como el dise\u00f1o extremadamente robusto, los conectores de v\u00e1lvulas Lumberg Automation, conectan confiablemente v\u00e1lvulas selenoides, sensores de presi\u00f3n, sensores de temperatura y monitores de flujo a suministros de voltaje o redes de datos.<\/p>\n<p>[\/vc_column_text][\/vc_column][vc_column width=&#8221;1\/4&#8243;][vc_empty_space][vc_single_image image=&#8221;3145&#8243; img_size=&#8221;medium&#8221; alignment=&#8221;center&#8221; onclick=&#8221;link_image&#8221;][\/vc_column][\/vc_row][vc_row css=&#8221;.vc_custom_1583431519292{padding-top: 100px !important;background-color: #ffffff !important;}&#8221;][vc_column width=&#8221;1\/4&#8243;][vc_empty_space][vc_single_image image=&#8221;3128&#8243; alignment=&#8221;center&#8221;][\/vc_column][vc_column width=&#8221;1\/2&#8243;][vc_column_text]<\/p>\n<p style=\"text-align: center; text-size: 20px;\"><b>Conectores de datos<\/b><\/p>\n<p>Balden cuenta con una amplia cartera de conectores de datos para protocolos basados en <em>Ethernet<\/em> y <em>Fieldbus.<\/em><\/p>\n<p style=\"text-align: center;\">Las soluciones ofrecen transmisi\u00f3n segura de datos an\u00e1logas y digitales, incluso ambientes complicados. Son adecuados para transmisi\u00f3n de &#8220;end-to-end&#8221; desde niveles de campo hasta niveles de control y niveles gerenciales.<\/p>\n<p>[\/vc_column_text][\/vc_column][vc_column width=&#8221;1\/4&#8243;][vc_empty_space][vc_single_image image=&#8221;3147&#8243; img_size=&#8221;medium&#8221; alignment=&#8221;center&#8221; onclick=&#8221;link_image&#8221;][\/vc_column][\/vc_row][vc_row css=&#8221;.vc_custom_1583433512268{padding-top: 100px !important;background-color: #ffffff !important;}&#8221;][vc_column width=&#8221;1\/4&#8243;][vc_empty_space][vc_single_image image=&#8221;3127&#8243; alignment=&#8221;center&#8221;][\/vc_column][vc_column width=&#8221;1\/2&#8243;][vc_column_text]<\/p>\n<p style=\"text-align: center; text-size: 20px;\"><b>Productos de configurator<\/b><\/p>\n<p>Este configurador de productos es para productos pasivos, e.j. stes de ables, recept\u00e1culos, cajas de distribuci\u00f3n y conectores de campo. El objetivo de este configurador es el de determinar el requerimiento de productos en cat\u00e1logos est\u00e1ndar, no permite crear productos especiales o personalizados.<\/p>\n<p>[\/vc_column_text][\/vc_column][vc_column width=&#8221;1\/4&#8243;][vc_empty_space][vc_single_image image=&#8221;3148&#8243; img_size=&#8221;medium&#8221; alignment=&#8221;center&#8221; onclick=&#8221;link_image&#8221;][\/vc_column][\/vc_row][vc_row][vc_column][vc_empty_space][vc_column_text]<\/p>\n<p style=\"text-align: center;\"><a class=\"button small primary full\" href=\"https:\/\/itaca.olorga.mx\/wp\/?page_id=239\">Cont\u00e1ctanos<\/a><\/p>\n<p>[\/vc_column_text][\/vc_column][\/vc_row]<\/p>\n","protected":false},"excerpt":{"rendered":"<p>[vc_row css=&#8221;.vc_custom_1583433587447{margin-top: -80px !important;background-color: #ffffff !important;}&#8221;][vc_column offset=&#8221;vc_hidden-sm vc_hidden-xs&#8221;][vc_widget_sidebar sidebar_id=&#8221;sidebar-5b8f8fdb9861f&#8221;][\/vc_column][\/vc_row][vc_section css_animation=&#8221;none&#8221; disable_element=&#8221;yes&#8221; el_id=&#8221;overview&#8221;][vc_row css=&#8221;.vc_custom_1575629379269{margin-right: -15px !important;margin-left: -15px !important;padding-top: 50px !important;}&#8221;][vc_column][vc_row_inner disable_element=&#8221;yes&#8221;][vc_column_inner width=&#8221;1\/4&#8243;][\/vc_column_inner][vc_column_inner width=&#8221;1\/2&#8243;][vc_custom_heading text=&#8221;LUMBERG AUTOMATION&#8221; font_container=&#8221;tag:h2|text_align:center&#8221; use_theme_fonts=&#8221;yes&#8221;][vc_empty_space height=&#8221;20px&#8221;][vc_column_text] Inresar una rese\u00f1a de SICK [\/vc_column_text][\/vc_column_inner][vc_column_inner width=&#8221;1\/4&#8243;][\/vc_column_inner][\/vc_row_inner][vc_empty_space height=&#8221;60px&#8221;][vc_empty_space height=&#8221;200px&#8221;][\/vc_column][\/vc_row][vc_row el_class=&#8221;fix-overflow&#8221; css=&#8221;.vc_custom_1575628842663{background-color: #ffffff !important;}&#8221;][vc_column width=&#8221;1\/4&#8243;][\/vc_column][vc_column width=&#8221;1\/2&#8243;][vc_single_image image=&#8221;2347&#8243; img_size=&#8221;full&#8221; alignment=&#8221;center&#8221; css=&#8221;.vc_custom_1556095626576{margin-top: -170px !important;}&#8221;][\/vc_column][vc_column width=&#8221;1\/4&#8243;][\/vc_column][\/vc_row][\/vc_section][vc_section css=&#8221;.vc_custom_1583430264785{background-color: #ffffff !important;}&#8221; el_id=&#8221;overview&#8221;][vc_row css=&#8221;.vc_custom_1575628852218{padding-top: 100px [&hellip;]<\/p>\n","protected":false},"author":1,"featured_media":3122,"parent":2,"menu_order":0,"comment_status":"closed","ping_status":"closed","template":"tmpl\/template-fullwidth.php","meta":{"footnotes":""},"class_list":["post-2710","page","type-page","status-publish","has-post-thumbnail","hentry"],"_links":{"self":[{"href":"https:\/\/www.solucionesitaca.com\/itaca\/index.php?rest_route=\/wp\/v2\/pages\/2710","targetHints":{"allow":["GET"]}}],"collection":[{"href":"https:\/\/www.solucionesitaca.com\/itaca\/index.php?rest_route=\/wp\/v2\/pages"}],"about":[{"href":"https:\/\/www.solucionesitaca.com\/itaca\/index.php?rest_route=\/wp\/v2\/types\/page"}],"author":[{"embeddable":true,"href":"https:\/\/www.solucionesitaca.com\/itaca\/index.php?rest_route=\/wp\/v2\/users\/1"}],"replies":[{"embeddable":true,"href":"https:\/\/www.solucionesitaca.com\/itaca\/index.php?rest_route=%2Fwp%2Fv2%2Fcomments&post=2710"}],"version-history":[{"count":12,"href":"https:\/\/www.solucionesitaca.com\/itaca\/index.php?rest_route=\/wp\/v2\/pages\/2710\/revisions"}],"predecessor-version":[{"id":3606,"href":"https:\/\/www.solucionesitaca.com\/itaca\/index.php?rest_route=\/wp\/v2\/pages\/2710\/revisions\/3606"}],"up":[{"embeddable":true,"href":"https:\/\/www.solucionesitaca.com\/itaca\/index.php?rest_route=\/wp\/v2\/pages\/2"}],"wp:featuredmedia":[{"embeddable":true,"href":"https:\/\/www.solucionesitaca.com\/itaca\/index.php?rest_route=\/wp\/v2\/media\/3122"}],"wp:attachment":[{"href":"https:\/\/www.solucionesitaca.com\/itaca\/index.php?rest_route=%2Fwp%2Fv2%2Fmedia&parent=2710"}],"curies":[{"name":"wp","href":"https:\/\/api.w.org\/{rel}","templated":true}]}}